{"id":89,"date":"2025-12-18T12:22:58","date_gmt":"2025-12-18T11:22:58","guid":{"rendered":"https:\/\/bottnafjordenssamhallsforening.se\/beresam\/vad-hander-i-projektet\/"},"modified":"2026-03-10T12:57:33","modified_gmt":"2026-03-10T11:57:33","slug":"vad-hander-i-projektet","status":"publish","type":"page","link":"https:\/\/bottnafjordenssamhallsforening.se\/beresam\/vad-hander-i-projektet\/","title":{"rendered":"Vad h\u00e4nder i projektet?"},"content":{"rendered":"\n\n\n<div class=\"wp-block-query is-layout-flow wp-block-query-is-layout-flow\"><ul class=\"wp-block-post-template is-layout-flow wp-block-post-template-is-layout-flow\"><li class=\"wp-block-post post-247 post type-post status-publish format-standard has-post-thumbnail hentry category-okategoriserade\">\n\n<div class=\"wp-block-columns are-vertically-aligned-center is-layout-flex wp-container-core-columns-is-layout-28f84493 wp-block-columns-is-layout-flex\">\n<div class=\"wp-block-column is-vertically-aligned-center is-layout-flow wp-block-column-is-layout-flow\" style=\"flex-basis:25%\"><figure class=\"wp-block-post-featured-image\"><a href=\"https:\/\/bottnafjordenssamhallsforening.se\/beresam\/kartlaggningstraffar-i-tossene-och-barfendal-lokal-kunskap-i-fokus\/\" target=\"_self\"  ><img loading=\"lazy\" decoding=\"async\" width=\"2560\" height=\"1928\" src=\"https:\/\/bottnafjordenssamhallsforening.se\/beresam\/wp-content\/uploads\/2026\/04\/PXL_20260413_180624528-scaled.jpg\" class=\"attachment-post-thumbnail size-post-thumbnail wp-post-image\" alt=\"Kartl\u00e4ggningstr\u00e4ffar i Tossene och B\u00e4rfendal \u2013 lokal kunskap i fokus\" style=\"object-fit:cover;\" srcset=\"https:\/\/bottnafjordenssamhallsforening.se\/beresam\/wp-content\/uploads\/2026\/04\/PXL_20260413_180624528-scaled.jpg 2560w, https:\/\/bottnafjordenssamhallsforening.se\/beresam\/wp-content\/uploads\/2026\/04\/PXL_20260413_180624528-300x226.jpg 300w, https:\/\/bottnafjordenssamhallsforening.se\/beresam\/wp-content\/uploads\/2026\/04\/PXL_20260413_180624528-1024x771.jpg 1024w, https:\/\/bottnafjordenssamhallsforening.se\/beresam\/wp-content\/uploads\/2026\/04\/PXL_20260413_180624528-768x578.jpg 768w, https:\/\/bottnafjordenssamhallsforening.se\/beresam\/wp-content\/uploads\/2026\/04\/PXL_20260413_180624528-1536x1157.jpg 1536w, https:\/\/bottnafjordenssamhallsforening.se\/beresam\/wp-content\/uploads\/2026\/04\/PXL_20260413_180624528-2048x1542.jpg 2048w\" sizes=\"auto, (max-width: 2560px) 100vw, 2560px\" \/><\/a><\/figure><\/div>\n\n\n\n<div class=\"wp-block-column is-vertically-aligned-center is-layout-flow wp-block-column-is-layout-flow\" style=\"flex-basis:75%\"><div style=\"padding-top:0;padding-bottom:0;margin-top:0;margin-bottom:0;\" class=\"wp-block-post-date has-tiny-font-size\"><time datetime=\"2026-04-15T11:52:33+02:00\">2026-04-15<\/time><\/div>\n\n<h6 style=\"padding-top:0;padding-bottom:0;margin-top:0;margin-bottom:0;\" class=\"wp-block-post-title\"><a href=\"https:\/\/bottnafjordenssamhallsforening.se\/beresam\/kartlaggningstraffar-i-tossene-och-barfendal-lokal-kunskap-i-fokus\/\" target=\"_self\" >Kartl\u00e4ggningstr\u00e4ffar i Tossene och B\u00e4rfendal \u2013 lokal kunskap i fokus<\/a><\/h6><\/div>\n<\/div>\n\n<\/li><li class=\"wp-block-post post-218 post type-post status-publish format-standard has-post-thumbnail hentry category-okategoriserade\">\n\n<div class=\"wp-block-columns are-vertically-aligned-center is-layout-flex wp-container-core-columns-is-layout-28f84493 wp-block-columns-is-layout-flex\">\n<div class=\"wp-block-column is-vertically-aligned-center is-layout-flow wp-block-column-is-layout-flow\" style=\"flex-basis:25%\"><figure class=\"wp-block-post-featured-image\"><a href=\"https:\/\/bottnafjordenssamhallsforening.se\/beresam\/kartlaggningen-ar-igang-nasta-steg-tar-form\/\" target=\"_self\"  ><img loading=\"lazy\" decoding=\"async\" width=\"831\" height=\"892\" src=\"https:\/\/bottnafjordenssamhallsforening.se\/beresam\/wp-content\/uploads\/2026\/04\/Skarmbild-fran-2026-04-02-10-43-04.png\" class=\"attachment-post-thumbnail size-post-thumbnail wp-post-image\" alt=\"Kartl\u00e4ggningen \u00e4r ig\u00e5ng \u2013 n\u00e4sta steg tar form\" style=\"object-fit:cover;\" srcset=\"https:\/\/bottnafjordenssamhallsforening.se\/beresam\/wp-content\/uploads\/2026\/04\/Skarmbild-fran-2026-04-02-10-43-04.png 831w, https:\/\/bottnafjordenssamhallsforening.se\/beresam\/wp-content\/uploads\/2026\/04\/Skarmbild-fran-2026-04-02-10-43-04-279x300.png 279w, https:\/\/bottnafjordenssamhallsforening.se\/beresam\/wp-content\/uploads\/2026\/04\/Skarmbild-fran-2026-04-02-10-43-04-768x824.png 768w\" sizes=\"auto, (max-width: 831px) 100vw, 831px\" \/><\/a><\/figure><\/div>\n\n\n\n<div class=\"wp-block-column is-vertically-aligned-center is-layout-flow wp-block-column-is-layout-flow\" style=\"flex-basis:75%\"><div style=\"padding-top:0;padding-bottom:0;margin-top:0;margin-bottom:0;\" class=\"wp-block-post-date has-tiny-font-size\"><time datetime=\"2026-04-02T10:47:32+02:00\">2026-04-02<\/time><\/div>\n\n<h6 style=\"padding-top:0;padding-bottom:0;margin-top:0;margin-bottom:0;\" class=\"wp-block-post-title\"><a href=\"https:\/\/bottnafjordenssamhallsforening.se\/beresam\/kartlaggningen-ar-igang-nasta-steg-tar-form\/\" target=\"_self\" >Kartl\u00e4ggningen \u00e4r ig\u00e5ng \u2013 n\u00e4sta steg tar form<\/a><\/h6><\/div>\n<\/div>\n\n<\/li><li class=\"wp-block-post post-205 post type-post status-publish format-standard has-post-thumbnail hentry category-okategoriserade\">\n\n<div class=\"wp-block-columns are-vertically-aligned-center is-layout-flex wp-container-core-columns-is-layout-28f84493 wp-block-columns-is-layout-flex\">\n<div class=\"wp-block-column is-vertically-aligned-center is-layout-flow wp-block-column-is-layout-flow\" style=\"flex-basis:25%\"><figure class=\"wp-block-post-featured-image\"><a href=\"https:\/\/bottnafjordenssamhallsforening.se\/beresam\/beresam-i-p4-vast-och-kartlaggningen-ar-igang\/\" target=\"_self\"  ><img loading=\"lazy\" decoding=\"async\" width=\"1928\" height=\"2560\" src=\"https:\/\/bottnafjordenssamhallsforening.se\/beresam\/wp-content\/uploads\/2026\/04\/PXL_20260331_170709589-scaled.jpg\" class=\"attachment-post-thumbnail size-post-thumbnail wp-post-image\" alt=\"BeReSam i P4 V\u00e4st \u2013 och kartl\u00e4ggningen \u00e4r ig\u00e5ng\" style=\"object-fit:cover;\" srcset=\"https:\/\/bottnafjordenssamhallsforening.se\/beresam\/wp-content\/uploads\/2026\/04\/PXL_20260331_170709589-scaled.jpg 1928w, https:\/\/bottnafjordenssamhallsforening.se\/beresam\/wp-content\/uploads\/2026\/04\/PXL_20260331_170709589-226x300.jpg 226w, https:\/\/bottnafjordenssamhallsforening.se\/beresam\/wp-content\/uploads\/2026\/04\/PXL_20260331_170709589-771x1024.jpg 771w, https:\/\/bottnafjordenssamhallsforening.se\/beresam\/wp-content\/uploads\/2026\/04\/PXL_20260331_170709589-768x1020.jpg 768w, https:\/\/bottnafjordenssamhallsforening.se\/beresam\/wp-content\/uploads\/2026\/04\/PXL_20260331_170709589-1157x1536.jpg 1157w, https:\/\/bottnafjordenssamhallsforening.se\/beresam\/wp-content\/uploads\/2026\/04\/PXL_20260331_170709589-1542x2048.jpg 1542w\" sizes=\"auto, (max-width: 1928px) 100vw, 1928px\" \/><\/a><\/figure><\/div>\n\n\n\n<div class=\"wp-block-column is-vertically-aligned-center is-layout-flow wp-block-column-is-layout-flow\" style=\"flex-basis:75%\"><div style=\"padding-top:0;padding-bottom:0;margin-top:0;margin-bottom:0;\" class=\"wp-block-post-date has-tiny-font-size\"><time datetime=\"2026-04-01T17:06:19+02:00\">2026-04-01<\/time><\/div>\n\n<h6 style=\"padding-top:0;padding-bottom:0;margin-top:0;margin-bottom:0;\" class=\"wp-block-post-title\"><a href=\"https:\/\/bottnafjordenssamhallsforening.se\/beresam\/beresam-i-p4-vast-och-kartlaggningen-ar-igang\/\" target=\"_self\" >BeReSam i P4 V\u00e4st \u2013 och kartl\u00e4ggningen \u00e4r ig\u00e5ng<\/a><\/h6><\/div>\n<\/div>\n\n<\/li><li class=\"wp-block-post post-158 post type-post status-publish format-standard has-post-thumbnail hentry category-okategoriserade\">\n\n<div class=\"wp-block-columns are-vertically-aligned-center is-layout-flex wp-container-core-columns-is-layout-28f84493 wp-block-columns-is-layout-flex\">\n<div class=\"wp-block-column is-vertically-aligned-center is-layout-flow wp-block-column-is-layout-flow\" style=\"flex-basis:25%\"><figure class=\"wp-block-post-featured-image\"><a href=\"https:\/\/bottnafjordenssamhallsforening.se\/beresam\/valkommen-till-kartlaggningstraffar-runt-bottnafjorden\/\" target=\"_self\"  ><img loading=\"lazy\" decoding=\"async\" width=\"1240\" height=\"1148\" src=\"https:\/\/bottnafjordenssamhallsforening.se\/beresam\/wp-content\/uploads\/2026\/03\/omslagsbild\u2013-Kartlaggning-av-vatten-och-livsmedel-3-e1773670154872.jpg\" class=\"attachment-post-thumbnail size-post-thumbnail wp-post-image\" alt=\"V\u00e4lkommen p\u00e5 kartl\u00e4ggningstr\u00e4ffar runt Bottnafjorden\" style=\"object-fit:cover;\" srcset=\"https:\/\/bottnafjordenssamhallsforening.se\/beresam\/wp-content\/uploads\/2026\/03\/omslagsbild\u2013-Kartlaggning-av-vatten-och-livsmedel-3-e1773670154872.jpg 1240w, https:\/\/bottnafjordenssamhallsforening.se\/beresam\/wp-content\/uploads\/2026\/03\/omslagsbild\u2013-Kartlaggning-av-vatten-och-livsmedel-3-e1773670154872-300x278.jpg 300w, https:\/\/bottnafjordenssamhallsforening.se\/beresam\/wp-content\/uploads\/2026\/03\/omslagsbild\u2013-Kartlaggning-av-vatten-och-livsmedel-3-e1773670154872-1024x948.jpg 1024w, https:\/\/bottnafjordenssamhallsforening.se\/beresam\/wp-content\/uploads\/2026\/03\/omslagsbild\u2013-Kartlaggning-av-vatten-och-livsmedel-3-e1773670154872-768x711.jpg 768w\" sizes=\"auto, (max-width: 1240px) 100vw, 1240px\" \/><\/a><\/figure><\/div>\n\n\n\n<div class=\"wp-block-column is-vertically-aligned-center is-layout-flow wp-block-column-is-layout-flow\" style=\"flex-basis:75%\"><div style=\"padding-top:0;padding-bottom:0;margin-top:0;margin-bottom:0;\" class=\"wp-block-post-date has-tiny-font-size\"><time datetime=\"2026-03-10T22:00:18+01:00\">2026-03-10<\/time><\/div>\n\n<h6 style=\"padding-top:0;padding-bottom:0;margin-top:0;margin-bottom:0;\" class=\"wp-block-post-title\"><a href=\"https:\/\/bottnafjordenssamhallsforening.se\/beresam\/valkommen-till-kartlaggningstraffar-runt-bottnafjorden\/\" target=\"_self\" >V\u00e4lkommen p\u00e5 kartl\u00e4ggningstr\u00e4ffar runt Bottnafjorden<\/a><\/h6><\/div>\n<\/div>\n\n<\/li><li class=\"wp-block-post post-145 post type-post status-publish format-standard has-post-thumbnail hentry category-okategoriserade\">\n\n<div class=\"wp-block-columns are-vertically-aligned-center is-layout-flex wp-container-core-columns-is-layout-28f84493 wp-block-columns-is-layout-flex\">\n<div class=\"wp-block-column is-vertically-aligned-center is-layout-flow wp-block-column-is-layout-flow\" style=\"flex-basis:25%\"><figure class=\"wp-block-post-featured-image\"><a href=\"https:\/\/bottnafjordenssamhallsforening.se\/beresam\/referensgruppen-traffades-i-hogslatt-gerlesborg\/\" target=\"_self\"  ><img loading=\"lazy\" decoding=\"async\" width=\"2560\" height=\"1928\" src=\"https:\/\/bottnafjordenssamhallsforening.se\/beresam\/wp-content\/uploads\/2026\/03\/PXL_20260306_143544703-scaled.jpg\" class=\"attachment-post-thumbnail size-post-thumbnail wp-post-image\" alt=\"Referensgruppen tr\u00e4ffades i Hogsl\u00e4tt, Gerlesborg\" style=\"object-fit:cover;\" srcset=\"https:\/\/bottnafjordenssamhallsforening.se\/beresam\/wp-content\/uploads\/2026\/03\/PXL_20260306_143544703-scaled.jpg 2560w, https:\/\/bottnafjordenssamhallsforening.se\/beresam\/wp-content\/uploads\/2026\/03\/PXL_20260306_143544703-300x226.jpg 300w, https:\/\/bottnafjordenssamhallsforening.se\/beresam\/wp-content\/uploads\/2026\/03\/PXL_20260306_143544703-1024x771.jpg 1024w, https:\/\/bottnafjordenssamhallsforening.se\/beresam\/wp-content\/uploads\/2026\/03\/PXL_20260306_143544703-768x578.jpg 768w, https:\/\/bottnafjordenssamhallsforening.se\/beresam\/wp-content\/uploads\/2026\/03\/PXL_20260306_143544703-1536x1157.jpg 1536w, https:\/\/bottnafjordenssamhallsforening.se\/beresam\/wp-content\/uploads\/2026\/03\/PXL_20260306_143544703-2048x1542.jpg 2048w\" sizes=\"auto, (max-width: 2560px) 100vw, 2560px\" \/><\/a><\/figure><\/div>\n\n\n\n<div class=\"wp-block-column is-vertically-aligned-center is-layout-flow wp-block-column-is-layout-flow\" style=\"flex-basis:75%\"><div style=\"padding-top:0;padding-bottom:0;margin-top:0;margin-bottom:0;\" class=\"wp-block-post-date has-tiny-font-size\"><time datetime=\"2026-03-10T15:21:00+01:00\">2026-03-10<\/time><\/div>\n\n<h6 style=\"padding-top:0;padding-bottom:0;margin-top:0;margin-bottom:0;\" class=\"wp-block-post-title\"><a href=\"https:\/\/bottnafjordenssamhallsforening.se\/beresam\/referensgruppen-traffades-i-hogslatt-gerlesborg\/\" target=\"_self\" >Referensgruppen tr\u00e4ffades i Hogsl\u00e4tt, Gerlesborg<\/a><\/h6><\/div>\n<\/div>\n\n<\/li><li class=\"wp-block-post post-131 post type-post status-publish format-standard has-post-thumbnail hentry category-okategoriserade\">\n\n<div class=\"wp-block-columns are-vertically-aligned-center is-layout-flex wp-container-core-columns-is-layout-28f84493 wp-block-columns-is-layout-flex\">\n<div class=\"wp-block-column is-vertically-aligned-center is-layout-flow wp-block-column-is-layout-flow\" style=\"flex-basis:25%\"><figure class=\"wp-block-post-featured-image\"><a href=\"https:\/\/bottnafjordenssamhallsforening.se\/beresam\/projektgruppen-samlad-nasta-steg-ar-kartlaggningstraffar\/\" target=\"_self\"  ><img loading=\"lazy\" decoding=\"async\" width=\"1052\" height=\"705\" src=\"https:\/\/bottnafjordenssamhallsforening.se\/beresam\/wp-content\/uploads\/2026\/03\/Skarmbild-fran-2026-03-04-15-19-39.png\" class=\"attachment-post-thumbnail size-post-thumbnail wp-post-image\" alt=\"Projektgruppen samlad \u2013 n\u00e4sta steg \u00e4r kartl\u00e4ggningstr\u00e4ffar\" style=\"object-fit:cover;\" srcset=\"https:\/\/bottnafjordenssamhallsforening.se\/beresam\/wp-content\/uploads\/2026\/03\/Skarmbild-fran-2026-03-04-15-19-39.png 1052w, https:\/\/bottnafjordenssamhallsforening.se\/beresam\/wp-content\/uploads\/2026\/03\/Skarmbild-fran-2026-03-04-15-19-39-300x201.png 300w, https:\/\/bottnafjordenssamhallsforening.se\/beresam\/wp-content\/uploads\/2026\/03\/Skarmbild-fran-2026-03-04-15-19-39-1024x686.png 1024w, https:\/\/bottnafjordenssamhallsforening.se\/beresam\/wp-content\/uploads\/2026\/03\/Skarmbild-fran-2026-03-04-15-19-39-768x515.png 768w\" sizes=\"auto, (max-width: 1052px) 100vw, 1052px\" \/><\/a><\/figure><\/div>\n\n\n\n<div class=\"wp-block-column is-vertically-aligned-center is-layout-flow wp-block-column-is-layout-flow\" style=\"flex-basis:75%\"><div style=\"padding-top:0;padding-bottom:0;margin-top:0;margin-bottom:0;\" class=\"wp-block-post-date has-tiny-font-size\"><time datetime=\"2026-03-04T15:24:45+01:00\">2026-03-04<\/time><\/div>\n\n<h6 style=\"padding-top:0;padding-bottom:0;margin-top:0;margin-bottom:0;\" class=\"wp-block-post-title\"><a href=\"https:\/\/bottnafjordenssamhallsforening.se\/beresam\/projektgruppen-samlad-nasta-steg-ar-kartlaggningstraffar\/\" target=\"_self\" >Projektgruppen samlad \u2013 n\u00e4sta steg \u00e4r kartl\u00e4ggningstr\u00e4ffar<\/a><\/h6><\/div>\n<\/div>\n\n<\/li><li class=\"wp-block-post post-120 post type-post status-publish format-standard has-post-thumbnail hentry category-okategoriserade\">\n\n<div class=\"wp-block-columns are-vertically-aligned-center is-layout-flex wp-container-core-columns-is-layout-28f84493 wp-block-columns-is-layout-flex\">\n<div class=\"wp-block-column is-vertically-aligned-center is-layout-flow wp-block-column-is-layout-flow\" style=\"flex-basis:25%\"><figure class=\"wp-block-post-featured-image\"><a href=\"https:\/\/bottnafjordenssamhallsforening.se\/beresam\/traff-med-bottna-hembygdsforening\/\" target=\"_self\"  ><img loading=\"lazy\" decoding=\"async\" width=\"800\" height=\"600\" src=\"https:\/\/bottnafjordenssamhallsforening.se\/beresam\/wp-content\/uploads\/2026\/01\/IMG_2686.jpg\" class=\"attachment-post-thumbnail size-post-thumbnail wp-post-image\" alt=\"Tr\u00e4ff med Bottna Hembygdsf\u00f6rening\" style=\"object-fit:cover;\" srcset=\"https:\/\/bottnafjordenssamhallsforening.se\/beresam\/wp-content\/uploads\/2026\/01\/IMG_2686.jpg 800w, https:\/\/bottnafjordenssamhallsforening.se\/beresam\/wp-content\/uploads\/2026\/01\/IMG_2686-300x225.jpg 300w, https:\/\/bottnafjordenssamhallsforening.se\/beresam\/wp-content\/uploads\/2026\/01\/IMG_2686-768x576.jpg 768w\" sizes=\"auto, (max-width: 800px) 100vw, 800px\" \/><\/a><\/figure><\/div>\n\n\n\n<div class=\"wp-block-column is-vertically-aligned-center is-layout-flow wp-block-column-is-layout-flow\" style=\"flex-basis:75%\"><div style=\"padding-top:0;padding-bottom:0;margin-top:0;margin-bottom:0;\" class=\"wp-block-post-date has-tiny-font-size\"><time datetime=\"2026-01-30T11:29:40+01:00\">2026-01-30<\/time><\/div>\n\n<h6 style=\"padding-top:0;padding-bottom:0;margin-top:0;margin-bottom:0;\" class=\"wp-block-post-title\"><a href=\"https:\/\/bottnafjordenssamhallsforening.se\/beresam\/traff-med-bottna-hembygdsforening\/\" target=\"_self\" >Tr\u00e4ff med Bottna Hembygdsf\u00f6rening<\/a><\/h6><\/div>\n<\/div>\n\n<\/li><li class=\"wp-block-post post-104 post type-post status-publish format-standard has-post-thumbnail hentry category-projektet\">\n\n<div class=\"wp-block-columns are-vertically-aligned-center is-layout-flex wp-container-core-columns-is-layout-28f84493 wp-block-columns-is-layout-flex\">\n<div class=\"wp-block-column is-vertically-aligned-center is-layout-flow wp-block-column-is-layout-flow\" style=\"flex-basis:25%\"><figure class=\"wp-block-post-featured-image\"><a href=\"https:\/\/bottnafjordenssamhallsforening.se\/beresam\/forsta-refrensgruppsmotet-9-januari\/\" target=\"_self\"  ><img loading=\"lazy\" decoding=\"async\" width=\"1079\" height=\"812\" src=\"https:\/\/bottnafjordenssamhallsforening.se\/beresam\/wp-content\/uploads\/2026\/01\/Refgrupp-9-jan.jpg\" class=\"attachment-post-thumbnail size-post-thumbnail wp-post-image\" alt=\"F\u00f6rsta referensgruppsm\u00f6tet\" style=\"object-fit:cover;\" srcset=\"https:\/\/bottnafjordenssamhallsforening.se\/beresam\/wp-content\/uploads\/2026\/01\/Refgrupp-9-jan.jpg 1079w, https:\/\/bottnafjordenssamhallsforening.se\/beresam\/wp-content\/uploads\/2026\/01\/Refgrupp-9-jan-300x226.jpg 300w, https:\/\/bottnafjordenssamhallsforening.se\/beresam\/wp-content\/uploads\/2026\/01\/Refgrupp-9-jan-1024x771.jpg 1024w, https:\/\/bottnafjordenssamhallsforening.se\/beresam\/wp-content\/uploads\/2026\/01\/Refgrupp-9-jan-768x578.jpg 768w\" sizes=\"auto, (max-width: 1079px) 100vw, 1079px\" \/><\/a><\/figure><\/div>\n\n\n\n<div class=\"wp-block-column is-vertically-aligned-center is-layout-flow wp-block-column-is-layout-flow\" style=\"flex-basis:75%\"><div style=\"padding-top:0;padding-bottom:0;margin-top:0;margin-bottom:0;\" class=\"wp-block-post-date has-tiny-font-size\"><time datetime=\"2026-01-13T12:38:32+01:00\">2026-01-13<\/time><\/div>\n\n<h6 style=\"padding-top:0;padding-bottom:0;margin-top:0;margin-bottom:0;\" class=\"wp-block-post-title\"><a href=\"https:\/\/bottnafjordenssamhallsforening.se\/beresam\/forsta-refrensgruppsmotet-9-januari\/\" target=\"_self\" >F\u00f6rsta referensgruppsm\u00f6tet<\/a><\/h6><\/div>\n<\/div>\n\n<\/li><li class=\"wp-block-post post-31 post type-post status-publish format-standard has-post-thumbnail hentry category-projektet\">\n\n<div class=\"wp-block-columns are-vertically-aligned-center is-layout-flex wp-container-core-columns-is-layout-28f84493 wp-block-columns-is-layout-flex\">\n<div class=\"wp-block-column is-vertically-aligned-center is-layout-flow wp-block-column-is-layout-flow\" style=\"flex-basis:25%\"><figure class=\"wp-block-post-featured-image\"><a href=\"https:\/\/bottnafjordenssamhallsforening.se\/beresam\/nu-startar-bottnafjorden-beresam-beredskap-resiliens-samverkan\/\" target=\"_self\"  ><img loading=\"lazy\" decoding=\"async\" width=\"1301\" height=\"824\" src=\"https:\/\/bottnafjordenssamhallsforening.se\/beresam\/wp-content\/uploads\/2025\/12\/Karta-farg.jpg\" class=\"attachment-post-thumbnail size-post-thumbnail wp-post-image\" alt=\"Nu startar Bottnafjorden BeReSam \u2013 Beredskap, Resiliens, Samverkan\" style=\"object-fit:cover;\" srcset=\"https:\/\/bottnafjordenssamhallsforening.se\/beresam\/wp-content\/uploads\/2025\/12\/Karta-farg.jpg 1301w, https:\/\/bottnafjordenssamhallsforening.se\/beresam\/wp-content\/uploads\/2025\/12\/Karta-farg-300x190.jpg 300w, https:\/\/bottnafjordenssamhallsforening.se\/beresam\/wp-content\/uploads\/2025\/12\/Karta-farg-1024x649.jpg 1024w, https:\/\/bottnafjordenssamhallsforening.se\/beresam\/wp-content\/uploads\/2025\/12\/Karta-farg-768x486.jpg 768w\" sizes=\"auto, (max-width: 1301px) 100vw, 1301px\" \/><\/a><\/figure><\/div>\n\n\n\n<div class=\"wp-block-column is-vertically-aligned-center is-layout-flow wp-block-column-is-layout-flow\" style=\"flex-basis:75%\"><div style=\"padding-top:0;padding-bottom:0;margin-top:0;margin-bottom:0;\" class=\"wp-block-post-date has-tiny-font-size\"><time datetime=\"2025-12-04T14:24:24+01:00\">2025-12-04<\/time><\/div>\n\n<h6 style=\"padding-top:0;padding-bottom:0;margin-top:0;margin-bottom:0;\" class=\"wp-block-post-title\"><a href=\"https:\/\/bottnafjordenssamhallsforening.se\/beresam\/nu-startar-bottnafjorden-beresam-beredskap-resiliens-samverkan\/\" target=\"_self\" >Nu startar Bottnafjorden BeReSam \u2013 Beredskap, Resiliens, Samverkan<\/a><\/h6><\/div>\n<\/div>\n\n<\/li><\/ul><\/div>\n","protected":false},"excerpt":{"rendered":"<p>Visa kategori<\/p>\n","protected":false},"author":1,"featured_media":0,"parent":0,"menu_order":0,"comment_status":"closed","ping_status":"closed","template":"","meta":{"footnotes":""},"class_list":["post-89","page","type-page","status-publish","hentry"],"_links":{"self":[{"href":"https:\/\/bottnafjordenssamhallsforening.se\/beresam\/wp-json\/wp\/v2\/pages\/89","targetHints":{"allow":["GET"]}}],"collection":[{"href":"https:\/\/bottnafjordenssamhallsforening.se\/beresam\/wp-json\/wp\/v2\/pages"}],"about":[{"href":"https:\/\/bottnafjordenssamhallsforening.se\/beresam\/wp-json\/wp\/v2\/types\/page"}],"author":[{"embeddable":true,"href":"https:\/\/bottnafjordenssamhallsforening.se\/beresam\/wp-json\/wp\/v2\/users\/1"}],"replies":[{"embeddable":true,"href":"https:\/\/bottnafjordenssamhallsforening.se\/beresam\/wp-json\/wp\/v2\/comments?post=89"}],"version-history":[{"count":5,"href":"https:\/\/bottnafjordenssamhallsforening.se\/beresam\/wp-json\/wp\/v2\/pages\/89\/revisions"}],"predecessor-version":[{"id":149,"href":"https:\/\/bottnafjordenssamhallsforening.se\/beresam\/wp-json\/wp\/v2\/pages\/89\/revisions\/149"}],"wp:attachment":[{"href":"https:\/\/bottnafjordenssamhallsforening.se\/beresam\/wp-json\/wp\/v2\/media?parent=89"}],"curies":[{"name":"wp","href":"https:\/\/api.w.org\/{rel}","templated":true}]}}