{"id":15,"date":"2025-11-05T23:55:45","date_gmt":"2025-11-05T22:55:45","guid":{"rendered":"https:\/\/bottnafjordenssamhallsforening.se\/beresam\/?page_id=15"},"modified":"2026-01-14T10:02:05","modified_gmt":"2026-01-14T09:02:05","slug":"om-projektet","status":"publish","type":"page","link":"https:\/\/bottnafjordenssamhallsforening.se\/beresam\/om-projektet\/","title":{"rendered":"Om projektet"},"content":{"rendered":"\n<div class=\"wp-block-group is-nowrap is-layout-flex wp-container-core-group-is-layout-6c531013 wp-block-group-is-layout-flex\">\n<figure class=\"wp-block-image aligncenter size-full\"><img loading=\"lazy\" decoding=\"async\" width=\"720\" height=\"185\" src=\"https:\/\/bottnafjordenssamhallsforening.se\/beresam\/wp-content\/uploads\/2025\/11\/logo-beresam25-farg.png\" alt=\"\" class=\"wp-image-47\" srcset=\"https:\/\/bottnafjordenssamhallsforening.se\/beresam\/wp-content\/uploads\/2025\/11\/logo-beresam25-farg.png 720w, https:\/\/bottnafjordenssamhallsforening.se\/beresam\/wp-content\/uploads\/2025\/11\/logo-beresam25-farg-300x77.png 300w\" sizes=\"auto, (max-width: 720px) 100vw, 720px\" \/><\/figure>\n<\/div>\n\n\n\n<div class=\"wp-block-group is-nowrap is-layout-flex wp-container-core-group-is-layout-6c531013 wp-block-group-is-layout-flex\">\n<p><strong>Bottnafjorden BeReSam<\/strong> \u2013 Beredskap, Resiliens, Samverkan \u00e4r ett projekt f\u00f6r att st\u00e4rka traktens f\u00f6rm\u00e5ga att hantera kriser och ov\u00e4ntade h\u00e4ndelser samt utveckla ett mer h\u00e5llbart lokalsamh\u00e4lle.<\/p>\n<\/div>\n\n\n\n<p>I omr\u00e5det runt Bottnafjorden finns en enorm kraft: m\u00e4nniskor med erfarenhet, lokalk\u00e4nnedom, engagemang och praktisk kunskap om platsen vi delar. Den h\u00e4r satsningen handlar om att lyfta kunskap som redan finns, dela v\u00e5ra perspektiv och utveckla v\u00e5ra s\u00e4tt att st\u00f6tta varandra, ocks\u00e5 n\u00e4r f\u00f6ruts\u00e4ttningar f\u00f6r\u00e4ndras.<\/p>\n\n\n\n<p>Vi b\u00f6rjar med att unders\u00f6ka risker och m\u00f6jligheter kring vatten- och livsmedelsf\u00f6rs\u00f6rjning. Genom samtal och platsbes\u00f6k l\u00e4r vi av varandra\u2014om brunnar, vattenk\u00e4llor, odlingsmark, producenter och hur f\u00f6ruts\u00e4ttningarna faktiskt ser ut h\u00e4r.<\/p>\n\n\n\n<p>Fokus ligger p\u00e5 att knyta samman m\u00e4nniskor, verksamheter och akt\u00f6rer. Att vi m\u00f6ts, delar erfarenheter och hittar v\u00e4gar att samverka mer. Utifr\u00e5n att det \u00e4r relationerna mellan oss som g\u00f6r ett lokalsamh\u00e4lle robust. F\u00f6r n\u00e4r vi f\u00f6rst\u00e5r varandras perspektiv kan vi ocks\u00e5 bygga nya l\u00f6sningar tillsammans.<\/p>\n\n\n\n<p>Kort sagt: Vi b\u00f6rjar med att ta reda p\u00e5 vad vi har och vad vi saknar idag \u2013 f\u00f6r att tillsammans kunna st\u00e4rka Bottnafjordens kapacitet och beredskap. Projektets f\u00f6rsta del p\u00e5g\u00e5r mellan 1 november 2025 och 30 juni 2026 genom st\u00f6d fr\u00e5n <a href=\"https:\/\/www.vgregion.se\/regional-utveckling\/regional-utvecklingsstrategi\/\" target=\"_blank\" rel=\"noreferrer noopener\">V\u00e4stra G\u00f6talandsregionen<\/a>. <\/p>\n\n\n\n<div class=\"wp-block-group is-nowrap is-layout-flex wp-container-core-group-is-layout-6c531013 wp-block-group-is-layout-flex\">\n<figure class=\"wp-block-image aligncenter size-large\"><img loading=\"lazy\" decoding=\"async\" width=\"1024\" height=\"771\" src=\"https:\/\/bottnafjordenssamhallsforening.se\/beresam\/wp-content\/uploads\/2025\/12\/Marcus-Jeanette-1024x771.jpeg\" alt=\"\" class=\"wp-image-57\" srcset=\"https:\/\/bottnafjordenssamhallsforening.se\/beresam\/wp-content\/uploads\/2025\/12\/Marcus-Jeanette-1024x771.jpeg 1024w, https:\/\/bottnafjordenssamhallsforening.se\/beresam\/wp-content\/uploads\/2025\/12\/Marcus-Jeanette-300x226.jpeg 300w, https:\/\/bottnafjordenssamhallsforening.se\/beresam\/wp-content\/uploads\/2025\/12\/Marcus-Jeanette-768x578.jpeg 768w, https:\/\/bottnafjordenssamhallsforening.se\/beresam\/wp-content\/uploads\/2025\/12\/Marcus-Jeanette-1536x1157.jpeg 1536w, https:\/\/bottnafjordenssamhallsforening.se\/beresam\/wp-content\/uploads\/2025\/12\/Marcus-Jeanette.jpeg 2048w\" sizes=\"auto, (max-width: 1024px) 100vw, 1024px\" \/><figcaption class=\"wp-element-caption\">Marcus Nordgren och Jeanette Karlsson<\/figcaption><\/figure>\n<\/div>\n\n\n\n<p>Jeanette Karlsson och Marcus Nordgren kommer att leda arbetet med BeReSam.&nbsp;<\/p>\n\n\n\n<p>Jeanette flyttade till omr\u00e5det 2016, ursprungligen f\u00f6r att bo en sommar i sin partners familjehus \u2013 men platsen och m\u00e4nniskorna gjorde snabbt ett st\u00f6rre intryck \u00e4n s\u00e5. Den \u00f6ppna, nyfikna och v\u00e4lkomnande atmosf\u00e4ren gjorde att hon tidigt k\u00e4nde sig som en del av bygden. Efter n\u00e5gra \u00e5r fann hon och hennes partner en liten g\u00e5rd, och sedan 2018 bor de d\u00e4r med sina tv\u00e5 barn. Jeanette har en bakgrund som integrationsutvecklare i Tanums kommun och har d\u00e4refter arbetat i flera olika roller, bland annat som processledare i det lokala platsutvecklingsprojektet <em>Samverkan Bottnafjorden<\/em>. Hon \u00e4r \u00e4ven utbildad handledare i sorgbearbetning och h\u00e5ller kurser som st\u00f6djer m\u00e4nniskor genom sorgeprocesser.<\/p>\n\n\n\n<p>Marcus flyttade till Bottna 2013, lockad av kombinationen av vild och vacker natur, levande kultur- och f\u00f6reningsliv och en landsbygd d\u00e4r sm\u00e5skaligt jordbruk och lokal matproduktion fortfarande \u00e4r en levande del av vardagen. Till vardags arbetar han med sitt f\u00f6retag som f\u00f6r\u00e4dlar lokala gr\u00f6dor, och hans engagemang f\u00f6r h\u00e5llbara livsmedelssystem och lokal omst\u00e4llning syns i mycket han g\u00f6r. Han \u00e4r dessutom aktiv i flera f\u00f6reningar, bland annat Bottnafjordens Ink\u00f6psf\u00f6rening och Bottnafjordens Kulturfestivalf\u00f6rening. Marcus \u00e4r ocks\u00e5 den som sk\u00f6ter utskicken <em>\u201cBottna f\u00f6r \u00f6vrigt\u2026\u201d<\/em>, som varje vecka samlar och sprider information om vad som h\u00e4nder i trakten.<\/p>\n\n\n\n<p>Tillsammans b\u00e4r Jeanette och Marcus en bred erfarenhet av lokal utveckling, h\u00e5llbarhet, matproduktion, sociala processer och gemenskapsbyggande. De kompletterar varandra med olika perspektiv men delar samma \u00f6vertygelse:<\/p>\n\n\n\n<p><strong>Att den st\u00f6rsta kraften finns i m\u00e4nniskorna som bor h\u00e4r \u2013 i v\u00e5ra relationer, v\u00e5ra ber\u00e4ttelser och v\u00e5r vilja att bidra till n\u00e5got gemensamt.<\/strong><br><\/p>\n","protected":false},"excerpt":{"rendered":"<p>Bottnafjorden BeReSam \u2013 Beredskap, Resiliens, Samverkan \u00e4r ett projekt f\u00f6r att st\u00e4rka traktens f\u00f6rm\u00e5ga att hantera kriser och ov\u00e4ntade h\u00e4ndelser samt utveckla ett mer h\u00e5llbart lokalsamh\u00e4lle. I omr\u00e5det runt Bottnafjorden finns en enorm kraft: m\u00e4nniskor med erfarenhet, lokalk\u00e4nnedom, engagemang och praktisk kunskap om platsen vi delar. Den h\u00e4r satsningen handlar om att lyfta kunskap som [&hellip;]<\/p>\n","protected":false},"author":1,"featured_media":0,"parent":0,"menu_order":0,"comment_status":"closed","ping_status":"closed","template":"","meta":{"footnotes":""},"class_list":["post-15","page","type-page","status-publish","hentry"],"_links":{"self":[{"href":"https:\/\/bottnafjordenssamhallsforening.se\/beresam\/wp-json\/wp\/v2\/pages\/15","targetHints":{"allow":["GET"]}}],"collection":[{"href":"https:\/\/bottnafjordenssamhallsforening.se\/beresam\/wp-json\/wp\/v2\/pages"}],"about":[{"href":"https:\/\/bottnafjordenssamhallsforening.se\/beresam\/wp-json\/wp\/v2\/types\/page"}],"author":[{"embeddable":true,"href":"https:\/\/bottnafjordenssamhallsforening.se\/beresam\/wp-json\/wp\/v2\/users\/1"}],"replies":[{"embeddable":true,"href":"https:\/\/bottnafjordenssamhallsforening.se\/beresam\/wp-json\/wp\/v2\/comments?post=15"}],"version-history":[{"count":14,"href":"https:\/\/bottnafjordenssamhallsforening.se\/beresam\/wp-json\/wp\/v2\/pages\/15\/revisions"}],"predecessor-version":[{"id":117,"href":"https:\/\/bottnafjordenssamhallsforening.se\/beresam\/wp-json\/wp\/v2\/pages\/15\/revisions\/117"}],"wp:attachment":[{"href":"https:\/\/bottnafjordenssamhallsforening.se\/beresam\/wp-json\/wp\/v2\/media?parent=15"}],"curies":[{"name":"wp","href":"https:\/\/api.w.org\/{rel}","templated":true}]}}